{"id":4547,"date":"2020-05-06T16:31:06","date_gmt":"2020-05-06T16:31:06","guid":{"rendered":"https:\/\/www.interciencia.net\/pt\/?page_id=4547"},"modified":"2022-08-27T01:12:47","modified_gmt":"2022-08-27T01:12:47","slug":"cuerpo-editor-prueba","status":"publish","type":"page","link":"https:\/\/www.interciencia.net\/pt\/cuerpo-editor-prueba\/","title":{"rendered":"Editor do Corpo prueba"},"content":{"rendered":"\n<p><strong>DIRECTOR FUNDADOR<\/strong><\/p>\n\n\n\n<p>Marcel Roche<\/p>\n\n\n\n<p><strong>DIRECTORA (E)<\/strong><\/p>\n\n\n\n<p>Ana Raquel Pic\u00f3n \u00c1vila<\/p>\n\n\n\n<p><strong>JUNTA CONSULTIVA EDITORIAL INTERNACIONAL<\/strong><\/p>\n\n\n\n<p>Marisol Aguilera (Venezuela), Michel Bergeron (Canad\u00e1), Rae Davis (Jamaica), Mayra de la Torre (M\u00e9xico), Carlos Di Prisco (Venezuela), Rodrigo Fierro (Ecuador), Alberto Giesecke (Per\u00fa), Jos\u00e9 Goldenberg (Brasil), Ernesto J. Gonz\u00e1lez (Venezuela), Mahabir P. Gupta (Panam\u00e1), Gonzalo Halffter (M\u00e9xico), Nohora E. Hoyos (Colombia), C\u00e9sar Lodeiros (Venezuela), Lucas Luchilo (Argentina), Ernesto Medina (Venezuela), Juan Jos\u00e9 Neiff (Argentina), Jaime Requena (Venezuela), Carlos Rodr\u00edguez Monroy (Espa\u00f1a), Tirso W. S\u00e1enz (Cuba), Francisco Salzano (Brasil), Guillermo Sober\u00f3n (M\u00e9xico), Hebe Vessuri (Venezuela), Erika Wagner (Venezuela), Lourdes Yero (Venezuela), Rodrigo Zeled\u00f3n (Costa Rica)<\/p>\n\n\n\n<p><strong>GERENTE EDITORIAL<\/strong><\/p>\n\n\n\n<p>Ana Raquel Pic\u00f3n \u00c1vila<\/p>\n\n\n\n<p><strong>GERENTE ADMINISTRATIVO<\/strong><\/p>\n\n\n\n<p>Victor Manuel Iciarte Herrera<\/p>\n\n\n\n<p><\/p>\n\n\n\n<p><\/p>\n\n\n\n<p><strong>DIRECCION<\/strong><\/p>\n\n\n\n<p><strong>INTERCIENCIA<\/strong><br>Apartado 51842, Caracas 1050 A &#8211; Venezuela<br>Tel\u00e9fonos: (+58-212) 9917525; 9923224<br>interciencia@gmail.com<br>interciencia@revistainterciencia.org<\/p>\n\n\n\n<p><strong>INTERCIENCIA<\/strong><br>Camino El Alba 9500, Torre B, Oc. 323, Las Condes, Santiago, Chile CP.7600830<br>Tel\u00e9fonos: (+56-2) 26383953; 26383896<br>interciencia@gmail.com<br>interciencia@revistainterciencia.org<\/p>\n","protected":false},"excerpt":{"rendered":"<p>DIRECTOR FUNDADOR Marcel Roche DIRECTORA (E) Ana Raquel Pic\u00f3n \u00c1vila JUNTA CONSULTIVA EDITORIAL INTERNACIONAL Marisol Aguilera (Venezuela), Michel Bergeron (Canad\u00e1), Rae Davis (Jamaica), Mayra de la Torre (M\u00e9xico), Carlos Di Prisco (Venezuela), Rodrigo Fierro (Ecuador), Alberto Giesecke (Per\u00fa), Jos\u00e9 Goldenberg (Brasil), Ernesto J. Gonz\u00e1lez (Venezuela), Mahabir P. Gupta (Panam\u00e1), Gonzalo Halffter (M\u00e9xico), Nohora E. Hoyos [&hellip;]<\/p>\n","protected":false},"author":1,"featured_media":0,"parent":0,"menu_order":0,"comment_status":"closed","ping_status":"closed","template":"","meta":[],"_links":{"self":[{"href":"https:\/\/www.interciencia.net\/pt\/wp-json\/wp\/v2\/pages\/4547"}],"collection":[{"href":"https:\/\/www.interciencia.net\/pt\/wp-json\/wp\/v2\/pages"}],"about":[{"href":"https:\/\/www.interciencia.net\/pt\/wp-json\/wp\/v2\/types\/page"}],"author":[{"embeddable":true,"href":"https:\/\/www.interciencia.net\/pt\/wp-json\/wp\/v2\/users\/1"}],"replies":[{"embeddable":true,"href":"https:\/\/www.interciencia.net\/pt\/wp-json\/wp\/v2\/comments?post=4547"}],"version-history":[{"count":5,"href":"https:\/\/www.interciencia.net\/pt\/wp-json\/wp\/v2\/pages\/4547\/revisions"}],"predecessor-version":[{"id":4901,"href":"https:\/\/www.interciencia.net\/pt\/wp-json\/wp\/v2\/pages\/4547\/revisions\/4901"}],"wp:attachment":[{"href":"https:\/\/www.interciencia.net\/pt\/wp-json\/wp\/v2\/media?parent=4547"}],"curies":[{"name":"wp","href":"https:\/\/api.w.org\/{rel}","templated":true}]}}