{"id":4309,"date":"2019-05-04T19:08:55","date_gmt":"2019-05-04T19:08:55","guid":{"rendered":"https:\/\/www.interciencia.net\/pt\/?page_id=4309"},"modified":"2019-05-04T19:17:03","modified_gmt":"2019-05-04T19:17:03","slug":"suscripcoes","status":"publish","type":"page","link":"https:\/\/www.interciencia.net\/pt\/suscripcoes\/","title":{"rendered":"Suscrip\u00e7\u00f5es"},"content":{"rendered":"<div style='padding-bottom:10px;' class='av-special-heading av-special-heading-h2  blockquote modern-quote modern-centered '><h2 class='av-special-heading-tag'  itemprop=\"headline\"  >PRE\u00c7OS DE SUBSCRI\u00c7\u00c3O 2019<\/h2><div class='special-heading-border'><div class='special-heading-inner-border' ><\/div><\/div><\/div>\n<div style='height:100px' class='hr hr-invisible '><span class='hr-inner ' ><span class='hr-inner-style'><\/span><\/span><\/div>\n<div class=\"flex_column av_one_half  flex_column_div av-zero-column-padding first  \" style='border-radius:0px; '><section class=\"av_textblock_section\"  itemscope=\"itemscope\" itemtype=\"https:\/\/schema.org\/CreativeWork\" ><div class='avia_textblock '   itemprop=\"text\" ><h2>INDIVIDUAL<\/h2>\n<\/div><\/section><\/div>\n<div class=\"flex_column av_one_half  flex_column_div av-zero-column-padding   \" style='border-radius:0px; '><div  class=\"avia-animated-number av-force-default-color avia-color-  avia_animate_when_visible\" ><strong class=\"heading avia-animated-number-title\" ><span class=\"avia-no-number\">US$ <\/span><span class=\"avia-single-number __av-single-number\" data-number=\"225\">225<\/span><\/strong><div class='avia-animated-number-content' ><\/div><\/div><\/div><div class=\"flex_column av_one_half  flex_column_div av-zero-column-padding first  \" style='border-radius:0px; '><section class=\"av_textblock_section\"  itemscope=\"itemscope\" itemtype=\"https:\/\/schema.org\/CreativeWork\" ><div class='avia_textblock '   itemprop=\"text\" ><h2>INSTITUTIONAL<\/h2>\n<\/div><\/section><\/div><\/p>\n<div class=\"flex_column av_one_half  flex_column_div av-zero-column-padding   \" style='border-radius:0px; '><\/div>\n<div class=\"flex_column av_one_half  flex_column_div av-zero-column-padding first  \" style='border-radius:0px; '><section class=\"av_textblock_section\"  itemscope=\"itemscope\" itemtype=\"https:\/\/schema.org\/CreativeWork\" ><div class='avia_textblock '   itemprop=\"text\" ><p>Latin American &amp; Caribbean<\/p>\n<\/div><\/section><\/div>\n<div class=\"flex_column av_one_half  flex_column_div av-zero-column-padding   \" style='border-radius:0px; '><div  class=\"avia-animated-number av-force-default-color avia-color-  avia_animate_when_visible\" ><strong class=\"heading avia-animated-number-title\" ><span class=\"avia-no-number\">US$ <\/span><span class=\"avia-single-number __av-single-number\" data-number=\"270\">270<\/span><\/strong><div class='avia-animated-number-content' ><\/div><\/div><\/div><div class=\"flex_column av_one_half  flex_column_div av-zero-column-padding first  \" style='border-radius:0px; '><section class=\"av_textblock_section\"  itemscope=\"itemscope\" itemtype=\"https:\/\/schema.org\/CreativeWork\" ><div class='avia_textblock '   itemprop=\"text\" ><p>Institutions U.S.A &amp; Canada<\/p>\n<\/div><\/section><\/div><\/p>\n<div class=\"flex_column av_one_half  flex_column_div av-zero-column-padding   \" style='border-radius:0px; '><div  class=\"avia-animated-number av-force-default-color avia-color-  avia_animate_when_visible\" ><strong class=\"heading avia-animated-number-title\" ><span class=\"avia-no-number\">US$ <\/span><span class=\"avia-single-number __av-single-number\" data-number=\"345\">345<\/span><\/strong><div class='avia-animated-number-content' ><\/div><\/div><\/div><div class=\"flex_column av_one_half  flex_column_div av-zero-column-padding first  \" style='border-radius:0px; '><section class=\"av_textblock_section\"  itemscope=\"itemscope\" itemtype=\"https:\/\/schema.org\/CreativeWork\" ><div class='avia_textblock '   itemprop=\"text\" ><p>Europa<\/p>\n<\/div><\/section><\/div><\/p>\n<div class=\"flex_column av_one_half  flex_column_div av-zero-column-padding   \" style='border-radius:0px; '><div  class=\"avia-animated-number av-force-default-color avia-color-  avia_animate_when_visible\" ><strong class=\"heading avia-animated-number-title\" ><span class=\"avia-no-number\">US$ <\/span><span class=\"avia-single-number __av-single-number\" data-number=\"420\">420<\/span><\/strong><div class='avia-animated-number-content' ><\/div><\/div><\/div><div class=\"flex_column av_one_half  flex_column_div av-zero-column-padding first  \" style='border-radius:0px; '><section class=\"av_textblock_section\"  itemscope=\"itemscope\" itemtype=\"https:\/\/schema.org\/CreativeWork\" ><div class='avia_textblock '   itemprop=\"text\" ><p>Africa &amp; Asia<\/p>\n<\/div><\/section><\/div><\/p>\n<div class=\"flex_column av_one_half  flex_column_div av-zero-column-padding   \" style='border-radius:0px; '><div  class=\"avia-animated-number av-force-default-color avia-color-  avia_animate_when_visible\" ><strong class=\"heading avia-animated-number-title\" ><span class=\"avia-no-number\">US$ <\/span><span class=\"avia-single-number __av-single-number\" data-number=\"465\">465<\/span><\/strong><div class='avia-animated-number-content' ><\/div><\/div><\/div><div  class='avia_message_box avia-color-green avia-size-large avia-icon_select-no avia-border- '><div class='avia_message_box_content' ><p>TRANSPORTE POSTAL N\u00c3O INCLU\u00cdDO<\/p>\n<\/div><\/div><\/p>\n<section class=\"av_textblock_section\"  itemscope=\"itemscope\" itemtype=\"https:\/\/schema.org\/CreativeWork\" ><div class='avia_textblock '   itemprop=\"text\" ><p style=\"text-align: center;\"><strong>For subscriptions please contact us at:<\/strong><\/p>\n<p style=\"text-align: center;\">INTERCIENCIA<br \/>\nApartado 51842, Caracas 1050 A &#8211; Venezuela<br \/>\nTel\u00e9fonos: (+58-212) 9917525; 9923224<\/p>\n<p style=\"text-align: center;\">INTERCIENCIA<br \/>\nCamino El Alba 9500, Torre B, Oc. 323, Las Condes, Santiago, Chile CP.7600830<br \/>\nTel\u00e9fonos: (+56) 582386092; 582386090; (+56-9) 63914970<\/p>\n<p style=\"text-align: center;\">interciencia@gmail.com \/ admin@revistainterciencia.org<\/p>\n<\/div><\/section>\n","protected":false},"excerpt":{"rendered":"","protected":false},"author":1,"featured_media":0,"parent":0,"menu_order":0,"comment_status":"closed","ping_status":"closed","template":"","meta":[],"_links":{"self":[{"href":"https:\/\/www.interciencia.net\/pt\/wp-json\/wp\/v2\/pages\/4309"}],"collection":[{"href":"https:\/\/www.interciencia.net\/pt\/wp-json\/wp\/v2\/pages"}],"about":[{"href":"https:\/\/www.interciencia.net\/pt\/wp-json\/wp\/v2\/types\/page"}],"author":[{"embeddable":true,"href":"https:\/\/www.interciencia.net\/pt\/wp-json\/wp\/v2\/users\/1"}],"replies":[{"embeddable":true,"href":"https:\/\/www.interciencia.net\/pt\/wp-json\/wp\/v2\/comments?post=4309"}],"version-history":[{"count":3,"href":"https:\/\/www.interciencia.net\/pt\/wp-json\/wp\/v2\/pages\/4309\/revisions"}],"predecessor-version":[{"id":4315,"href":"https:\/\/www.interciencia.net\/pt\/wp-json\/wp\/v2\/pages\/4309\/revisions\/4315"}],"wp:attachment":[{"href":"https:\/\/www.interciencia.net\/pt\/wp-json\/wp\/v2\/media?parent=4309"}],"curies":[{"name":"wp","href":"https:\/\/api.w.org\/{rel}","templated":true}]}}