{"id":3022,"date":"2017-08-26T20:13:07","date_gmt":"2017-08-26T20:13:07","guid":{"rendered":"https:\/\/www.interciencia.net\/pt\/?page_id=3022"},"modified":"2017-11-15T18:09:09","modified_gmt":"2017-11-15T18:09:09","slug":"apoio-economico","status":"publish","type":"page","link":"https:\/\/www.interciencia.net\/pt\/acerca-de\/apoio-economico\/","title":{"rendered":"Apoio Econ\u00f4mico"},"content":{"rendered":"<div style='padding-bottom:10px;' class='av-special-heading av-special-heading-h2    '><h2 class='av-special-heading-tag'  itemprop=\"headline\"  >Apoio Econ\u00f4mico<\/h2><div class='special-heading-border'><div class='special-heading-inner-border' ><\/div><\/div><\/div>\n<section class=\"av_textblock_section\"  itemscope=\"itemscope\" itemtype=\"https:\/\/schema.org\/CreativeWork\" ><div class='avia_textblock '   itemprop=\"text\" ><div style=\"text-align: justify;\">A revista Interci\u00eancia recebeu apoio do Fundo Nacional de Ci\u00eancia, Tecnologia e Inova\u00e7\u00e3o de Venezuela (at\u00e9 2009), do Conselho Nacional de Ci\u00eancia e Tecnologia de M\u00e9xico (at\u00e9 1982). Igualmente tem recebido contribui\u00e7\u00f5es do Conselho Nacional de Investiga\u00e7\u00f5es Cient\u00edficas y T\u00e9cnicas da Argentina (2002-2007), da Funda\u00e7\u00e3o Canadense para a Inova\u00e7\u00e3o atrav\u00e9s de ACFAS (2004), da AAAS (2004) e da SBPC. Ao longo de sua ininterrupta exist\u00eancia, a revista tamb\u00e9m recebeu importantes apoios da Organiza\u00e7\u00e3o de Estados Americanos (OEA), a Organiza\u00e7\u00e3o das Na\u00e7\u00f5es Unidas para a Educa\u00e7\u00e3o, Ci\u00eancia e Cultura (UNESCO), a Academia de Ci\u00eancias do Terceiro Mundo (TWAS) as Funda\u00e7\u00f5es Andrew Melon, Tinker e MacArthur (EEUU), a Funda\u00e7\u00e3o Polar (Venezuela), a Ag\u00eancia Canadense para o Desenvolvimento Internacional (CIDA), e o Banco Interamericano de Desenvolvimento (BID). Interci\u00eancia recebe contribui\u00e7\u00f5es das institui\u00e7\u00f5es para as quais trabalham os autores o de seus fundos de investiga\u00e7\u00e3o, que s\u00e3o utilizados para cobrir os gastos de produ\u00e7\u00e3o da revista.<\/div>\n<\/div><\/section>\n","protected":false},"excerpt":{"rendered":"","protected":false},"author":1,"featured_media":0,"parent":2,"menu_order":3,"comment_status":"closed","ping_status":"closed","template":"","meta":[],"_links":{"self":[{"href":"https:\/\/www.interciencia.net\/pt\/wp-json\/wp\/v2\/pages\/3022"}],"collection":[{"href":"https:\/\/www.interciencia.net\/pt\/wp-json\/wp\/v2\/pages"}],"about":[{"href":"https:\/\/www.interciencia.net\/pt\/wp-json\/wp\/v2\/types\/page"}],"author":[{"embeddable":true,"href":"https:\/\/www.interciencia.net\/pt\/wp-json\/wp\/v2\/users\/1"}],"replies":[{"embeddable":true,"href":"https:\/\/www.interciencia.net\/pt\/wp-json\/wp\/v2\/comments?post=3022"}],"version-history":[{"count":5,"href":"https:\/\/www.interciencia.net\/pt\/wp-json\/wp\/v2\/pages\/3022\/revisions"}],"predecessor-version":[{"id":3535,"href":"https:\/\/www.interciencia.net\/pt\/wp-json\/wp\/v2\/pages\/3022\/revisions\/3535"}],"up":[{"embeddable":true,"href":"https:\/\/www.interciencia.net\/pt\/wp-json\/wp\/v2\/pages\/2"}],"wp:attachment":[{"href":"https:\/\/www.interciencia.net\/pt\/wp-json\/wp\/v2\/media?parent=3022"}],"curies":[{"name":"wp","href":"https:\/\/api.w.org\/{rel}","templated":true}]}}