{"id":2615,"date":"2017-08-21T16:38:13","date_gmt":"2017-08-21T16:38:13","guid":{"rendered":"http:\/\/www.interciencia.net\/?page_id=2615"},"modified":"2022-08-24T21:05:02","modified_gmt":"2022-08-24T21:05:02","slug":"instrucciones-adicionales","status":"publish","type":"page","link":"https:\/\/www.interciencia.net\/pt\/instrucciones-adicionales\/","title":{"rendered":"Instrucciones Adicionales"},"content":{"rendered":"<div style='padding-bottom:10px;' class='av-special-heading av-special-heading-h2   '><h2 class='av-special-heading-tag'  itemprop=\"headline\"  >Instrucciones Adicionales<\/h2><div class='special-heading-border'><div class='special-heading-inner-border' ><\/div><\/div><\/div>\n<section class=\"av_textblock_section\"  itemscope=\"itemscope\" itemtype=\"https:\/\/schema.org\/CreativeWork\" ><div class='avia_textblock '   itemprop=\"text\" ><p>Todo trabajo sometido a Interciencia debe tener una extensi\u00f3n m\u00e1xima de 25 p\u00e1ginas, escritas a doble espacio, m\u00e1rgenes laterales de 3,0 cm y en fuente 12. En las 25 p\u00e1ginas deben incluirse: texto, lista de referencias, tablas, figuras. No utilizamos notas a pie de p\u00e1gina. Toda informaci\u00f3n debe estar incluida en el texto del trabajo. Por otra parte, las tablas y figuras deben colocarse al final del documento (despu\u00e9s de la lista de referencias &#8211; no intercaladas-) y adicionalmente ser enviada en archivos aparte.<\/p>\n<p>Una vez preparado deben enviar el material al correo electr\u00f3nico: <em>interciencia@gmail.com<\/em><\/p>\n<p>Asegurarse de enviar lo siguiente:<\/p>\n<ol>\n<li>Carta al Editor, Dr. Miguel Laufer, sometiendo el manuscrito para su posible publicaci\u00f3n.<\/li>\n<li>Breve bionota curricular de cada uno de los autores (grados acad\u00e9micos, instituci\u00f3n donde los obtuvo, actual afiliaci\u00f3n institucional. Favor elaborarla en el mismo idioma del trabajo. Solo el autor de correspondencia lleva la direcci\u00f3n postal completa. Indicar claramente tel\u00e9fono, fax, e-mail para contacto).<\/li>\n<li>Lista de seis posibles \u00e1rbitros (indicar instituciones donde trabajan, direcci\u00f3n postal y correo electr\u00f3nico de ser posible. Evitar indicar \u00e1rbitros de las instituciones donde laboran los autores. Proponer al menos tres \u00e1rbitros internacionales).<\/li>\n<li>Archivo en Word for Windows.<\/li>\n<li>En caso de tener figuras pueden ser en: Excel, Adobe Photoshop o cualquier procesador de im\u00e1genes. Figuras enviarlas a 350dpi.<\/li>\n<li>Asegurarse de enviar el material completo (manuscrito, tablas y figuras)<\/li>\n<\/ol>\n<\/div><\/section>\n","protected":false},"excerpt":{"rendered":"","protected":false},"author":1,"featured_media":0,"parent":0,"menu_order":0,"comment_status":"closed","ping_status":"closed","template":"","meta":[],"_links":{"self":[{"href":"https:\/\/www.interciencia.net\/pt\/wp-json\/wp\/v2\/pages\/2615"}],"collection":[{"href":"https:\/\/www.interciencia.net\/pt\/wp-json\/wp\/v2\/pages"}],"about":[{"href":"https:\/\/www.interciencia.net\/pt\/wp-json\/wp\/v2\/types\/page"}],"author":[{"embeddable":true,"href":"https:\/\/www.interciencia.net\/pt\/wp-json\/wp\/v2\/users\/1"}],"replies":[{"embeddable":true,"href":"https:\/\/www.interciencia.net\/pt\/wp-json\/wp\/v2\/comments?post=2615"}],"version-history":[{"count":1,"href":"https:\/\/www.interciencia.net\/pt\/wp-json\/wp\/v2\/pages\/2615\/revisions"}],"predecessor-version":[{"id":2616,"href":"https:\/\/www.interciencia.net\/pt\/wp-json\/wp\/v2\/pages\/2615\/revisions\/2616"}],"wp:attachment":[{"href":"https:\/\/www.interciencia.net\/pt\/wp-json\/wp\/v2\/media?parent=2615"}],"curies":[{"name":"wp","href":"https:\/\/api.w.org\/{rel}","templated":true}]}}