{"id":2607,"date":"2017-08-21T16:27:49","date_gmt":"2017-08-21T16:27:49","guid":{"rendered":"http:\/\/www.interciencia.net\/?page_id=2607"},"modified":"2025-06-06T16:31:05","modified_gmt":"2025-06-06T16:31:05","slug":"instrucoes-para-os-autores","status":"publish","type":"page","link":"https:\/\/www.interciencia.net\/pt\/instrucoes-para-os-autores\/","title":{"rendered":"Instru\u00e7\u00f5es para os Autores"},"content":{"rendered":"<div style='padding-bottom:10px;' class='av-special-heading av-special-heading-h2    '><h2 class='av-special-heading-tag'  itemprop=\"headline\"  >Instru\u00e7\u00f5es para os Autores<\/h2><div class='special-heading-border'><div class='special-heading-inner-border' ><\/div><\/div><\/div>\n<section class=\"av_textblock_section\"  itemscope=\"itemscope\" itemtype=\"https:\/\/schema.org\/CreativeWork\" ><div class='avia_textblock '   itemprop=\"text\" ><div class=\"text-align: justify\">\n<p>INTERCI\u00caNCIA \u00e9 uma revista multidisciplinar cujos temas priorit\u00e1rios s\u00e3o Agronomia e Bosques Tropicais, Alimentos e Nutri\u00e7\u00e3o, Ci\u00eancias do Mar e da Terra, Educa\u00e7\u00e3o Cient\u00edfica, Ecologia e Problemas Ambientais, Energia, Estudo e Sociologia da Ci\u00eancia, Pol\u00edtica Cient\u00edfica, Recursos Renov\u00e1veis e N\u00e3o Renov\u00e1veis, Sa\u00fade e Demografia, Terras \u00c1ridas, Transfer\u00eancia de Tecnologia.<\/p>\n<p>INTERCI\u00caNCIA publica Artigos, Ensaios e Comunica\u00e7\u00f5es originais, preferencialmente nas \u00e1reas priorit\u00e1rias da revista, de interesse e pertinentes para o desenvolvimento regional, escritos no idioma espanhol, ingl\u00eas ou portugu\u00eas. Tamb\u00e9m poder\u00e3o publicar-se Cartas ao Diretor que tratem temas de interesse ou comentem trabalhos de n\u00fameros j\u00e1 publicados.<\/p>\n<blockquote>\n<p>INTERCI\u00caNCIA \u00e9 uma publica\u00e7\u00e3o de livre acesso, apegada aos princ\u00edpios da Budapest Open Access Initiative. Todo o material recebido ser\u00e1 avaliado, em rela\u00e7\u00e3o a sua pertin\u00eancia, pelo Comit\u00ea Editorial e submetido \u00e0 arbitragem por pares.<\/p>\n<\/blockquote>\n<p>O conte\u00fado das contribui\u00e7\u00f5es \u00e9 da inteira responsabilidade dos autores, quem mant\u00e9m os correspondentes direitos e, de nenhuma maneira ser\u00e1 da revista ou das entidades para as quais trabalham os autores. Entende-se que o material recebido n\u00e3o foi publicado e nem enviado a outros \u00f3rg\u00e3os de difus\u00e3o, seja qual for o seu tipo.<\/p>\n<p><strong>Artigos.<\/strong> S\u00e3o trabalhos originais de investiga\u00e7\u00e3o, experimental ou te\u00f3rica, ou revis\u00f5es de um tema priorit\u00e1rio da revista, n\u00e3o publicados previamente e dirigidos a uma audi\u00eancia culta, mas n\u00e3o especializada, e sua extens\u00e3o total ser\u00e1 de at\u00e9 25 p\u00e1ginas. Dever\u00e1 incluir-se um resumo de at\u00e9 250 palavras, assim como uma breve nota biogr\u00e1fica de at\u00e9 oito linhas para cada autor.<\/p>\n<p><strong>Ensaios.<\/strong> Escritos preferivelmente sobre um tema priorit\u00e1rio da revista com extens\u00e3o total de at\u00e9 25 p\u00e1ginas. Igualmente dever\u00e1 incluir-se resumo e notas biogr\u00e1ficas dos autores.<br \/>\nComunica\u00e7\u00f5es. Relat\u00f3rios de resultados originais de investiga\u00e7\u00f5es em qualquer \u00e1rea das ci\u00eancias b\u00e1sicas ou aplicadas, dirigidas a uma audi\u00eancia especializada. Poder\u00e3o ser de at\u00e9 20 p\u00e1ginas e escritas em idioma ingl\u00eas, espanhol ou portugu\u00eas, ainda que \u00e9 recomendado o uso do primeiro para facilitar sua difus\u00e3o. Deveram incluir-se resumos de at\u00e9 200 palavras e notas biogr\u00e1ficas dos autores.<\/p>\n<p>Em todos os casos, o t\u00edtulo do trabalho e o resumo dever\u00e1 ser enviado nos tr\u00eas idiomas da revista, se poss\u00edvel, e se incluir\u00e3o at\u00e9 cinco palavras chave. Todas as p\u00e1ginas, tamanho carta, dever\u00e3o estar escritas em Word para Windows, com fonte 12, espa\u00e7amento duplo e numeradas consecutivamente. Para facilitar a arbitragem, se agradece enviar uma lista de at\u00e9 seis poss\u00edveis \u00e1rbitros com seus respectivos endere\u00e7os e endere\u00e7o electr\u00f3nico.<br \/>\nTabelas e figuras: Dever\u00e3o ser numeradas em romanos e ar\u00e1bicos respectivamente, leg\u00edveis, concisas e claras, e enviadas em folhas separadas. Os textos correspondentes se incluir\u00e3o no final do trabalho. As figuras devem ser em 350 dpi. As equa\u00e7\u00f5es devem ser escritas utilizando MathType (n\u00e3o imagens).<\/p>\n<p><strong>Refer\u00eancias bibliogr\u00e1ficas:<\/strong>&nbsp;No texto, as cita\u00e7\u00f5es dever\u00e3o indicar o sobrenome do primeiro autor seguido pelo sobrenome do segundo autor ou por et al. (it\u00e1licas) se houver mais de dois autores, e o ano de publica\u00e7\u00e3o. Por exemplo: (P\u00e9rez, 1992), Da Silva e Gonz\u00e1lez (1993), (Smith et al., 1994). As refer\u00eancias ser\u00e3o listadas no final em ordem alfab\u00e9tico, e incluir\u00e3o todos os autores (assim: Rojas ER, Davis B, \u2026), ano de publica\u00e7\u00e3o em par\u00eantesis, t\u00edtulo do trabalho citado, em cursivas o nome e volume da publica\u00e7\u00e3o em it\u00e1licas, e p\u00e1ginas. No caso de monografias, o t\u00edtulo ir\u00e1 em cursivas e se indicar\u00e3o as p\u00e1ginas totais da obra. As comunica\u00e7\u00f5es pessoais ir\u00e3o somente no texto, com o nome completo do comunicador. As notas referentes ao texto devem ser evitadas, se houver, ir\u00e3o no final do trabalho, antes das refer\u00eancias.<\/p>\n<p><strong>Apresenta\u00e7\u00e3o.<\/strong> Os manuscritos dever\u00e3o ser enviados a interciencia@gmail.com. A apresenta\u00e7\u00e3o de um trabalho para sua avalia\u00e7\u00e3o ter\u00e1 um custo de&nbsp;US$ 25 que dever\u00e3o ser pagos, no momento da avalia\u00e7\u00e3o, por meio de cart\u00e3o de cr\u00e9dito (indicar tipo de cart\u00e3o, nome do titular como consta no cart\u00e3o, n\u00famero e data de vencimento), por remessa a trav\u00e9s de empresas servi\u00e7os financeiros (favor contatar a revista para detalhes).<br \/>\nContribui\u00e7\u00f5es por p\u00e1gina. Devidos aos altos custos de produ\u00e7\u00e3o, INTERCI\u00caNCIA solicitar\u00e1 aos autores agenciar atrav\u00e9s de suas subven\u00e7\u00f5es ou perante as institui\u00e7\u00f5es para as quais prestam servi\u00e7os, uma contribui\u00e7\u00e3o de US$ 225 por cada p\u00e1gina publicada. A aceita\u00e7\u00e3o e publica\u00e7\u00e3o do trabalho n\u00e3o estar\u00e3o condicionados por tal contribui\u00e7\u00e3o e sim pelos m\u00e9ritos do mesmo. Justificada a falta de contribui\u00e7\u00e3o, a revista publicar\u00e1 os trabalhos aceitos quando houver espa\u00e7o excedente. As ilustra\u00e7\u00f5es coloridas dever\u00e3o ser pr\u00e9-pagas, uma vez aprovado o trabalho para sua publica\u00e7\u00e3o.<\/p>\n<p>INTERCIENCIA estabelecer\u00e1 tarifas especiais para autores de pa\u00edses com condi\u00e7\u00f5es econ\u00f4micas limitantes. Em tais casos os autores dever\u00e3o consultar \u00e0 revista.<\/p>\n<\/div>\n<\/div><\/section>\n","protected":false},"excerpt":{"rendered":"","protected":false},"author":1,"featured_media":0,"parent":0,"menu_order":0,"comment_status":"closed","ping_status":"closed","template":"","meta":[],"_links":{"self":[{"href":"https:\/\/www.interciencia.net\/pt\/wp-json\/wp\/v2\/pages\/2607"}],"collection":[{"href":"https:\/\/www.interciencia.net\/pt\/wp-json\/wp\/v2\/pages"}],"about":[{"href":"https:\/\/www.interciencia.net\/pt\/wp-json\/wp\/v2\/types\/page"}],"author":[{"embeddable":true,"href":"https:\/\/www.interciencia.net\/pt\/wp-json\/wp\/v2\/users\/1"}],"replies":[{"embeddable":true,"href":"https:\/\/www.interciencia.net\/pt\/wp-json\/wp\/v2\/comments?post=2607"}],"version-history":[{"count":10,"href":"https:\/\/www.interciencia.net\/pt\/wp-json\/wp\/v2\/pages\/2607\/revisions"}],"predecessor-version":[{"id":5026,"href":"https:\/\/www.interciencia.net\/pt\/wp-json\/wp\/v2\/pages\/2607\/revisions\/5026"}],"wp:attachment":[{"href":"https:\/\/www.interciencia.net\/pt\/wp-json\/wp\/v2\/media?parent=2607"}],"curies":[{"name":"wp","href":"https:\/\/api.w.org\/{rel}","templated":true}]}}