{"id":2597,"date":"2017-08-21T15:39:08","date_gmt":"2017-08-21T15:39:08","guid":{"rendered":"http:\/\/www.interciencia.net\/?page_id=2597"},"modified":"2025-12-17T16:30:47","modified_gmt":"2025-12-17T16:30:47","slug":"associacao-interciencia","status":"publish","type":"page","link":"https:\/\/www.interciencia.net\/pt\/acerca-de\/associacao-interciencia\/","title":{"rendered":"Associa\u00e7\u00e3o Interciencia"},"content":{"rendered":"<div style='padding-bottom:10px;' class='av-special-heading av-special-heading-h2    '><h2 class='av-special-heading-tag'  itemprop=\"headline\"  >Associa\u00e7\u00e3o Interciencia<\/h2><div class='special-heading-border'><div class='special-heading-inner-border' ><\/div><\/div><\/div>\n<section class=\"av_textblock_section\"  itemscope=\"itemscope\" itemtype=\"https:\/\/schema.org\/CreativeWork\" ><div class='avia_textblock '   itemprop=\"text\" ><div style=\"text-align: justify;\">\n<p>Fundada em 1974 no Recife, Brasil, como uma federa\u00e7\u00e3o de organiza\u00e7\u00f5es cient\u00edficas para o avan\u00e7o da ci\u00eancia nas Am\u00e9ricas, a Associa\u00e7\u00e3o INTERCI\u00caNCIA foi registrada na Venezuela em 1975 sob os ausp\u00edcios da American Association for the Advancement of Science (AAAS), a Sociedade Brasileira para o Progresso da Ci\u00eancia (SBPC) e a Associa\u00e7\u00e3o Venezuelana para o Avan\u00e7o da Ci\u00eancia (AsoVAC), na modalidade de organiza\u00e7\u00e3o civil internacional sem fins lucrativos. Em 2017 foi registrada igualmente no Chile. INTERCI\u00caNCIA. Os membros atuais da Associa\u00e7\u00e3o INTERCI\u00caNCIA s\u00e3o: Argentina, Bol\u00edvia, Brasil, Canad\u00e1, Chile, Col\u00f4mbia, Costa Rica, Equador, M\u00e9xico, Panam\u00e1, Estados Unidos da Am\u00e9rica, Uruguai e Venezuela.<\/p>\n<p>O Secretariado Executivo da Associa\u00e7\u00e3o INTERCI\u00caNCIA tem sede no Panam\u00e1, e funciona em coordena\u00e7\u00e3o com o Comit\u00ea Executivo. O Diretor Executivo da Associa\u00e7\u00e3o \u00e9 o Dr. Mahabir Gupta, Professor-Investigador de Farmacognosia na Universidade de Panam\u00e1. O escrit\u00f3rio do Diretor Executivo conta com o apoio da Associa\u00e7\u00e3o Panamenha para o Avan\u00e7o da Ci\u00eancia.<\/p>\n<p>A Associa\u00e7\u00e3o INTERCI\u00caNCIA procura unir as comunidades cient\u00edficas das Am\u00e9ricas e promover o uso cooperativo da ci\u00eancia, a tecnologia e a inova\u00e7\u00e3o para o desenvolvimento regional e nacional. A Associa\u00e7\u00e3o publica a revista mensal tril\u00edngue Interci\u00eancia em espanhol, ingl\u00eas e portugu\u00eas. Igualmente, realiza simp\u00f3sios interdisciplinares e cursos de curta dura\u00e7\u00e3o, e estimula a cria\u00e7\u00e3o de organiza\u00e7\u00f5es cient\u00edficas n\u00e3o-governamentais para o avan\u00e7o da ci\u00eancia onde ainda n\u00e3o existem.<\/p>\n<p>As organiza\u00e7\u00f5es membros da Associa\u00e7\u00e3o INTERCI\u00caNCIA realizam atividades cient\u00edficas em seus pr\u00f3prios pa\u00edses e apoiam ou estimulam iniciativas de suas ag\u00eancias nacionais de ci\u00eancia e tecnologia. V\u00e1rias das organiza\u00e7\u00f5es nacionais membros de INTERCI\u00caNCIA tamb\u00e9m publicam revistas cient\u00edficas que t\u00eam uma importante audi\u00eancia em seus pa\u00edses. Cada ano, as organiza\u00e7\u00f5es membros de INTERCI\u00caNCIA se re\u00fanem a fim de intercambiar experi\u00eancias, conhecer o status da ci\u00eancia nos diferentes pa\u00edses que representam, e estabelecer pol\u00edticas comuns para a promo\u00e7\u00e3o da ci\u00eancia na regi\u00e3o.<\/p>\n<p>Desde sua cria\u00e7\u00e3o, INTERCI\u00caNCIA tem organizado mais de 65 simp\u00f3sios, usualmente na ocasi\u00e3o das reuni\u00f5es anuais de suas organiza\u00e7\u00f5es membros. Os t\u00f3picos tratados nos simp\u00f3sios s\u00e3o vari\u00e1veis, mas t\u00eam se concentrado nos campos da biotecnologia, biodiversidade, energia, inova\u00e7\u00e3o, assuntos ambientais, coopera\u00e7\u00e3o internacional, educa\u00e7\u00e3o em ci\u00eancia, e pol\u00edtica cient\u00edfica. Os simp\u00f3sios de INTERCI\u00caNCIA em anos recentes t\u00eam abordado os temas de propriedade intelectual, rela\u00e7\u00f5es universidade-ind\u00fastria, empresas incubadoras nos campos da farmacologia e biotecnologia, etnobot\u00e2nica e bioprospec\u00e7\u00e3o para o descobrimento de drogas, o futuro amaz\u00f4nico, conhecimento abor\u00edgene, produtos nutrac\u00eauticos, aplica\u00e7\u00f5es da biotecnologia em agricultura e a ind\u00fastria farmac\u00eautica, e financiamento da ci\u00eancia e a tecnologia nos pa\u00edses de Am\u00e9rica Latina e o Caribe. A Associa\u00e7\u00e3o INTERCI\u00caNCIA tem sido invitada como sociedade civil para discutir a import\u00e2ncia da ci\u00eancia e a tecnologia em reuni\u00f5es espec\u00edficas da Organiza\u00e7\u00e3o de Estados Americanos e na prepara\u00e7\u00e3o das Reuni\u00f5es C\u00fapulas de Mar del Plata (2005), Puerto Espanha (2009) e Panam\u00e1 (2010).<\/p>\n<\/div>\n<p><strong>DIRECTORIO<\/strong><\/p>\n<p>Presidenta Saliente \/ Marisol Aguilera Meneses, Venezuela<br \/>\nPresidente \/ Miguel Angel Blesa, Argentina<br \/>\n1er. Vice-Presidente \/ Augusto S\u00e1nchez Valle, Bolivia<br \/>\n2do. Vice-Presidente Guillermo Arturo Vicente Le\u00f3n, Costa Rica<br \/>\nSecretario \/ Eduardo Posada, Colombia<br \/>\nTesorero \/ Juan A. Ja\u00e9n, Panam\u00e1<br \/>\nDirector Ejecutivo \/ Mahabir P. Gupta, Panam\u00e1<br \/>\ne-mail: mahabirpgupta@gmail.com<\/p>\n<p><strong>ORGANIZACIONES MIEMBROS<\/strong><\/p>\n<p><strong>ARGENTINA<\/strong><br \/>\nAsociaci\u00f3n Argentina para el Progreso de las Ciencias<br \/>\n(AAPC)<br \/>\nPresidenta: Ester Susana Hern\u00e1ndez<br \/>\nAvenida Alvear 1711, 4\u00ba P Buenos Aires, Argentina<br \/>\nTel: (54)(11) 6772-7968<br \/>\ne-mail: shernand@df.uba.ar<\/p>\n<p><strong>BOLIVIA<\/strong><br \/>\nAsociaci\u00f3n Boliviana para el Avance de la Ciencia<br \/>\n(ABAC)<br \/>\nPresidente: Augusto S\u00e1nchez Valle<br \/>\nGerente General Pacto S.R.L.<br \/>\nCalle F. Guachalla #342<br \/>\nSopocachi<br \/>\nEdif. Victor ofic. 701<br \/>\nCasilla Postal 6595<br \/>\nLa Paz<br \/>\nTel: (591 2) 2445459<br \/>\ne-mail: cutosan@yahoo.es; augustosanchez@pacto-group.com<\/p>\n<p><strong>BRASIL<\/strong><br \/>\nSociedade Brasileira para o Progresso da Ci\u00eancia<br \/>\n(SBPC)<br \/>\nPresidente: ILDEU CASTRO MOREIRA<br \/>\nRua Mar\u00eda Antonia 294, 4o Andar<br \/>\n01222-010 Sao Paulo, SP, Brasil<br \/>\nTelf: ++ 11 33552130, ++ 1192741233<br \/>\ne-mail: presidencia@sbpcnet.org.br, ildeucastro@gmail.com<\/p>\n<p><strong>CANADA<\/strong><br \/>\nl\u2019Association francophone pour le savoir (Acfas)<br \/>\nPresidente: Frederic Bouchard<br \/>\nDirectora General: H\u00e9l\u00e8ne Drainville<br \/>\n425 Rue de la Gaucheti\u00e9re Est, Montr\u00e9al, Qu\u00e9bec,<br \/>\nH2L 2M7 Canada.<br \/>\nTel: (514) 8490045 Fax: (514) 8495558<br \/>\ne-mail: presidence@acfas.ca; http:\/\/www.acfas.ca<\/p>\n<p><strong>CHILE<\/strong><br \/>\nConsejo de Sociedades Cient\u00edficas de Chile<br \/>\nPresidente: Jorge Babul<br \/>\nDepartamento de Biolog\u00eda, Facultad de Ciencias,<br \/>\nUniversidad de Chile, Casilla 653, Santiago de Chile<br \/>\nTel: (56)(2) 2978-7450<br \/>\ne-mail: jbabul@uchile.cl<\/p>\n<p><strong>COLOMBIA<\/strong><br \/>\nAsociaci\u00f3n Colombiana para el Avance de la Ciencia (ACAC)<br \/>\nPresidente: Eduardo Posada Florez<br \/>\nApartado A\u00e9reo 92.581 \u2013 Bogot\u00e1, D.E., Colombia<br \/>\nTel: (571) 221-6769 \/221-4625 (Rosa In\u00e9s Asist. Ejecutiva)<br \/>\ne-mail: presidencia@acac.org.co; direccion@acac.org.co;<br \/>\ncif_eposada@gmail.com<\/p>\n<p><strong>COSTA RICA<\/strong><br \/>\nConsejo Nacional de Investigaciones Cient\u00edficas y<br \/>\nTecnol\u00f3gicas (CONICIT)<br \/>\nPresidenta: Giselle Tamayo Castillo<br \/>\nSan Jos\u00e9, Costa Rica. Apartado 10318-1000<br \/>\nTel: (506) 22244172<br \/>\ne-mail: tamayo.castillo@gmail.com; www.conicit.go.cr<\/p>\n<p><strong>M\u00c9XICO<\/strong><br \/>\nConsejo Nacional de Ciencia y Tecnolog\u00eda (CONACYT)<br \/>\nDirector General: Enrique Cabrero Mendoza<br \/>\nAve. Insurgentes Sur 1582, 7\u00ba Piso<br \/>\nColonia Cr\u00e9dito Constructor, Deleg. Benito Ju\u00e1rez C.P. 03940 D.F. M\u00e9xico<br \/>\nTel: (52) (55) 53 22 7700 ext. 7000; Fax: (52) (55)327 7609\/ 7614<br \/>\ne-mail: cabrero@conacyt.mx www.conacyt.mx<\/p>\n<p><strong>PANAM\u00c1<\/strong><br \/>\nAsociaci\u00f3n Paname\u00f1a para el Avance de la Ciencia (APANAC)<br \/>\nPresidente: Mart\u00edn E. Candanedo G.<br \/>\nUniversidad Tecnol\u00f3gica de Panam\u00e1<br \/>\nApartado: 0823-00499, Panam\u00e1, Rep. de Panam\u00e1<br \/>\nTel. Oficina: (507) 560-3010; (507) 560-3003;<br \/>\nFax. (507) 264-0789, Cel: (507) 6671-2245<br \/>\nemail: martin.candanedo@utp.ac.pa<\/p>\n<p><strong>UNITED STATES<\/strong><br \/>\nAmerican Association for the Advancement of Science (AAAS)<br \/>\nChief International Officer: Rush Holt<br \/>\n1200 New York Ave., NW, Washington, DC 20005 USA<br \/>\nTel: (202) 3266400 Fax: (202) 2894958<\/p>\n<p><strong>VENEZUELA<\/strong><br \/>\nAsociaci\u00f3n Venezolana para el Avance de la Ciencia (AsoVAC)<br \/>\nPresidenta: Marisol Aguilera Meneses<br \/>\nAv. Never\u00ed, Edif. FUNDAVAC-AsoVAC, Colinas de Bello Monte,<br \/>\nCaracas, Venezuela<br \/>\nTel.-Fax: (58) (0212) 7513768 \u2013 (0212) 7535802<br \/>\ne-mail: presidencia.asovac@gmail.com; maguiler@usb.ve<\/p>\n<\/div><\/section>\n","protected":false},"excerpt":{"rendered":"","protected":false},"author":1,"featured_media":0,"parent":2,"menu_order":2,"comment_status":"closed","ping_status":"closed","template":"","meta":[],"_links":{"self":[{"href":"https:\/\/www.interciencia.net\/pt\/wp-json\/wp\/v2\/pages\/2597"}],"collection":[{"href":"https:\/\/www.interciencia.net\/pt\/wp-json\/wp\/v2\/pages"}],"about":[{"href":"https:\/\/www.interciencia.net\/pt\/wp-json\/wp\/v2\/types\/page"}],"author":[{"embeddable":true,"href":"https:\/\/www.interciencia.net\/pt\/wp-json\/wp\/v2\/users\/1"}],"replies":[{"embeddable":true,"href":"https:\/\/www.interciencia.net\/pt\/wp-json\/wp\/v2\/comments?post=2597"}],"version-history":[{"count":5,"href":"https:\/\/www.interciencia.net\/pt\/wp-json\/wp\/v2\/pages\/2597\/revisions"}],"predecessor-version":[{"id":4145,"href":"https:\/\/www.interciencia.net\/pt\/wp-json\/wp\/v2\/pages\/2597\/revisions\/4145"}],"up":[{"embeddable":true,"href":"https:\/\/www.interciencia.net\/pt\/wp-json\/wp\/v2\/pages\/2"}],"wp:attachment":[{"href":"https:\/\/www.interciencia.net\/pt\/wp-json\/wp\/v2\/media?parent=2597"}],"curies":[{"name":"wp","href":"https:\/\/api.w.org\/{rel}","templated":true}]}}