{"id":2,"date":"2017-08-09T12:49:50","date_gmt":"2017-08-09T12:49:50","guid":{"rendered":"http:\/\/www.interciencia.net\/?page_id=2"},"modified":"2017-08-26T20:46:23","modified_gmt":"2017-08-26T20:46:23","slug":"acerca-de","status":"publish","type":"page","link":"https:\/\/www.interciencia.net\/pt\/acerca-de\/","title":{"rendered":"Sobre&#8230;"},"content":{"rendered":"<p>A revista Interciencia \u00e9 uma publicaca\u00e7\u00e3o multidisciplinaria mensual da Associa\u00e7\u00e3o Interciencia, associa\u00e7\u00e3o civil sem fins lucrativos, com sede em Caracas, Venezuela.<\/p>\n<p>A revista Interciencia est\u00e1 dedicada a estimular a pesquisa cient\u00edfica, seu uso humanit\u00e1rio e o estudo do seu contexto social, especialmente na Am\u00e9rica Latina e no Caribe, bem como a promover a comunica\u00e7\u00e3o entre as comunidades cient\u00edficas e tecnol\u00f3gicas das Am\u00e9ricas.<\/p>\n<p>Todos os artigos assinados s\u00e3o da inteira responsabilidade de seus autores e n\u00e3o da Associa\u00e7\u00e3o Interciencia, nem da revista, nem das Institui\u00e7\u00f5es \u00e0s quais pertencem os autores.<\/p>\n","protected":false},"excerpt":{"rendered":"<p>A revista Interciencia \u00e9 uma publicaca\u00e7\u00e3o multidisciplinaria mensual da Associa\u00e7\u00e3o Interciencia, associa\u00e7\u00e3o civil sem fins lucrativos, com sede em Caracas, Venezuela. A revista Interciencia est\u00e1 dedicada a estimular a pesquisa cient\u00edfica, seu uso humanit\u00e1rio e o estudo do seu contexto social, especialmente na Am\u00e9rica Latina e no Caribe, bem como a promover a comunica\u00e7\u00e3o entre [&hellip;]<\/p>\n","protected":false},"author":1,"featured_media":0,"parent":0,"menu_order":0,"comment_status":"closed","ping_status":"open","template":"","meta":[],"_links":{"self":[{"href":"https:\/\/www.interciencia.net\/pt\/wp-json\/wp\/v2\/pages\/2"}],"collection":[{"href":"https:\/\/www.interciencia.net\/pt\/wp-json\/wp\/v2\/pages"}],"about":[{"href":"https:\/\/www.interciencia.net\/pt\/wp-json\/wp\/v2\/types\/page"}],"author":[{"embeddable":true,"href":"https:\/\/www.interciencia.net\/pt\/wp-json\/wp\/v2\/users\/1"}],"replies":[{"embeddable":true,"href":"https:\/\/www.interciencia.net\/pt\/wp-json\/wp\/v2\/comments?post=2"}],"version-history":[{"count":4,"href":"https:\/\/www.interciencia.net\/pt\/wp-json\/wp\/v2\/pages\/2\/revisions"}],"predecessor-version":[{"id":3040,"href":"https:\/\/www.interciencia.net\/pt\/wp-json\/wp\/v2\/pages\/2\/revisions\/3040"}],"wp:attachment":[{"href":"https:\/\/www.interciencia.net\/pt\/wp-json\/wp\/v2\/media?parent=2"}],"curies":[{"name":"wp","href":"https:\/\/api.w.org\/{rel}","templated":true}]}}