{"id":179,"date":"2017-08-10T16:22:12","date_gmt":"2017-08-10T16:22:12","guid":{"rendered":"http:\/\/www.interciencia.net\/?page_id=179"},"modified":"2020-07-15T14:46:19","modified_gmt":"2020-07-15T14:46:19","slug":"editor-do-corpo","status":"publish","type":"page","link":"https:\/\/www.interciencia.net\/pt\/acerca-de\/editor-do-corpo\/","title":{"rendered":"Editor do Corpo"},"content":{"rendered":"<div style='padding-bottom:10px;' class='av-special-heading av-special-heading-h2    '><h2 class='av-special-heading-tag'  itemprop=\"headline\"  >Editor do Corpo<\/h2><div class='special-heading-border'><div class='special-heading-inner-border' ><\/div><\/div><\/div>\n<section class=\"av_textblock_section\"  itemscope=\"itemscope\" itemtype=\"https:\/\/schema.org\/CreativeWork\" ><div class='avia_textblock '   itemprop=\"text\" ><p><strong>DIRECTOR FUNDADOR<\/strong><\/p>\n<p>Marcel Roche<\/p>\n<p><strong>DIRECTOR<\/strong><\/p>\n<p>Miguel Laufer<\/p>\n<p><strong>JUNTA CONSULTIVA EDITORIAL INTERNACIONAL<\/strong><\/p>\n<p>Marisol Aguilera (Venezuela), Michel Bergeron (Canad\u00e1), Rae Davis (Jamaica), Mayra de la Torre (M\u00e9xico), Carlos Di Prisco (Venezuela), Rodrigo Fierro (Ecuador), Alberto Giesecke (Per\u00fa), Jos\u00e9 Goldenberg (Brasil), Ernesto J. Gonz\u00e1lez (Venezuela), Mahabir P. Gupta (Panam\u00e1), Gonzalo Halffter (M\u00e9xico), Nohora E. Hoyos (Colombia), C\u00e9sar Lodeiros (Venezuela), Lucas Luchilo (Argentina), Ernesto Medina (Venezuela), Juan Jos\u00e9 Neiff (Argentina), Jaime Requena (Venezuela), Carlos Rodr\u00edguez Monroy (Espa\u00f1a), Tirso W. S\u00e1enz (Cuba), Francisco Salzano (Brasil), Guillermo Sober\u00f3n (M\u00e9xico), Hebe Vessuri (Venezuela), Erika Wagner (Venezuela), Lourdes Yero (Venezuela), Rodrigo Zeled\u00f3n (Costa Rica)<\/p>\n<p><strong>GERENTE EDITORIAL<\/strong><\/p>\n<p><strong>GERENTE ADMINISTRATIVO<\/strong><\/p>\n<p><strong>DIRECCI\u00d3N<\/strong><\/p>\n<p><strong>INTERCIENCIA<\/strong><br \/>\nApartado 51842, Caracas 1050 A &#8211; Venezuela<br \/>\nTelefones: (+58-212) 9917525; 9923224<br \/>\ninterciencia@gmail.com<br \/>\ninterciencia@revistainterciencia.org<\/p>\n<p><strong>INTERCIENCIA<\/strong><br \/>\nCamino El Alba 9500, Torre B, Oc. 323, Las Condes, Santiago, Chile CP.7600830<br \/>\nTelefones: (+56-2) 26383953; 26383896<br \/>\ninterciencia@gmail.com<br \/>\ninterciencia@revistainterciencia.org<\/p>\n<\/div><\/section>\n","protected":false},"excerpt":{"rendered":"","protected":false},"author":1,"featured_media":0,"parent":2,"menu_order":1,"comment_status":"closed","ping_status":"closed","template":"","meta":[],"_links":{"self":[{"href":"https:\/\/www.interciencia.net\/pt\/wp-json\/wp\/v2\/pages\/179"}],"collection":[{"href":"https:\/\/www.interciencia.net\/pt\/wp-json\/wp\/v2\/pages"}],"about":[{"href":"https:\/\/www.interciencia.net\/pt\/wp-json\/wp\/v2\/types\/page"}],"author":[{"embeddable":true,"href":"https:\/\/www.interciencia.net\/pt\/wp-json\/wp\/v2\/users\/1"}],"replies":[{"embeddable":true,"href":"https:\/\/www.interciencia.net\/pt\/wp-json\/wp\/v2\/comments?post=179"}],"version-history":[{"count":13,"href":"https:\/\/www.interciencia.net\/pt\/wp-json\/wp\/v2\/pages\/179\/revisions"}],"predecessor-version":[{"id":4581,"href":"https:\/\/www.interciencia.net\/pt\/wp-json\/wp\/v2\/pages\/179\/revisions\/4581"}],"up":[{"embeddable":true,"href":"https:\/\/www.interciencia.net\/pt\/wp-json\/wp\/v2\/pages\/2"}],"wp:attachment":[{"href":"https:\/\/www.interciencia.net\/pt\/wp-json\/wp\/v2\/media?parent=179"}],"curies":[{"name":"wp","href":"https:\/\/api.w.org\/{rel}","templated":true}]}}