{"id":4661,"date":"2020-05-06T16:26:13","date_gmt":"2020-05-06T16:26:13","guid":{"rendered":"https:\/\/www.interciencia.net\/en\/?page_id=4661"},"modified":"2022-08-27T01:12:20","modified_gmt":"2022-08-27T01:12:20","slug":"cuerpo-editor-prueba","status":"publish","type":"page","link":"https:\/\/www.interciencia.net\/en\/cuerpo-editor-prueba\/","title":{"rendered":"Editorial Board prueba"},"content":{"rendered":"\n<p><strong>FOUNDING EDITOR<\/strong><\/p>\n\n\n\n<p>Marcel Roche<\/p>\n\n\n\n<p><strong>DIRECTOR (DEPUTY)<\/strong><\/p>\n\n\n\n<p>Ana Raquel Pic\u00f3n \u00c1vila<\/p>\n\n\n\n<p><strong>INTERNATIONAL CONSULTING EDITORIAL BOARD<\/strong><\/p>\n\n\n\n<p>Marisol Aguilera (Venezuela), Michel Bergeron (Canad\u00e1), Rae Davis (Jamaica), Mayra de la Torre (M\u00e9xico), Carlos Di Prisco (Venezuela), Rodrigo Fierro (Ecuador), Alberto Giesecke (Per\u00fa), Jos\u00e9 Goldenberg (Brasil), Ernesto J. Gonz\u00e1lez (Venezuela), Mahabir P. Gupta (Panam\u00e1), Gonzalo Halffter (M\u00e9xico), Nohora E. Hoyos (Colombia), C\u00e9sar Lodeiros (Venezuela), Lucas Luchilo (Argentina), Ernesto Medina (Venezuela), Juan Jos\u00e9 Neiff (Argentina), Jaime Requena (Venezuela), Carlos Rodr\u00edguez Monroy (Espa\u00f1a), Tirso W. S\u00e1enz (Cuba), Francisco Salzano (Brasil), Guillermo Sober\u00f3n (M\u00e9xico), Hebe Vessuri (Venezuela), Erika Wagner (Venezuela), Lourdes Yero (Venezuela), Rodrigo Zeled\u00f3n (Costa Rica)<\/p>\n\n\n\n<p><strong>MANAGING EDITOR<\/strong><\/p>\n\n\n\n<p>Ana Raquel Pic\u00f3n \u00c1vila<\/p>\n\n\n\n<p><strong>ADMINISTRATIVE MANAGER<\/strong><\/p>\n\n\n\n<p>Victor Manuel Iciarte Herrera<\/p>\n\n\n\n<p><\/p>\n\n\n\n<p><\/p>\n\n\n\n<p><strong>ADDRESS<\/strong><\/p>\n\n\n\n<p><strong>INTERCIENCIA<\/strong><br>Apartado 51842, Caracas 1050 A &#8211; Venezuela<br>Tel\u00e9fonos: (+58-212) 9917525; 9923224<br>interciencia@gmail.com<br>interciencia@revistainterciencia.org<\/p>\n\n\n\n<p><strong>INTERCIENCIA<\/strong><br>Camino El Alba 9500, Torre B, Oc. 323, Las Condes, Santiago, Chile CP.7600830<br>Tel\u00e9fonos: (+56-2) 26383953; 26383896<br>interciencia@gmail.com<br>interciencia@revistainterciencia.org<\/p>\n","protected":false},"excerpt":{"rendered":"<p>FOUNDING EDITOR Marcel Roche DIRECTOR (DEPUTY) Ana Raquel Pic\u00f3n \u00c1vila INTERNATIONAL CONSULTING EDITORIAL BOARD Marisol Aguilera (Venezuela), Michel Bergeron (Canad\u00e1), Rae Davis (Jamaica), Mayra de la Torre (M\u00e9xico), Carlos Di Prisco (Venezuela), Rodrigo Fierro (Ecuador), Alberto Giesecke (Per\u00fa), Jos\u00e9 Goldenberg (Brasil), Ernesto J. Gonz\u00e1lez (Venezuela), Mahabir P. Gupta (Panam\u00e1), Gonzalo Halffter (M\u00e9xico), Nohora E. Hoyos [&hellip;]<\/p>\n","protected":false},"author":1,"featured_media":0,"parent":0,"menu_order":0,"comment_status":"closed","ping_status":"closed","template":"","meta":[],"_links":{"self":[{"href":"https:\/\/www.interciencia.net\/en\/wp-json\/wp\/v2\/pages\/4661"}],"collection":[{"href":"https:\/\/www.interciencia.net\/en\/wp-json\/wp\/v2\/pages"}],"about":[{"href":"https:\/\/www.interciencia.net\/en\/wp-json\/wp\/v2\/types\/page"}],"author":[{"embeddable":true,"href":"https:\/\/www.interciencia.net\/en\/wp-json\/wp\/v2\/users\/1"}],"replies":[{"embeddable":true,"href":"https:\/\/www.interciencia.net\/en\/wp-json\/wp\/v2\/comments?post=4661"}],"version-history":[{"count":5,"href":"https:\/\/www.interciencia.net\/en\/wp-json\/wp\/v2\/pages\/4661\/revisions"}],"predecessor-version":[{"id":4991,"href":"https:\/\/www.interciencia.net\/en\/wp-json\/wp\/v2\/pages\/4661\/revisions\/4991"}],"wp:attachment":[{"href":"https:\/\/www.interciencia.net\/en\/wp-json\/wp\/v2\/media?parent=4661"}],"curies":[{"name":"wp","href":"https:\/\/api.w.org\/{rel}","templated":true}]}}